{"id":2,"date":"2014-01-18T15:09:38","date_gmt":"2014-01-18T14:09:38","guid":{"rendered":"http:\/\/preklady-expres.cz\/de\/?page_id=2"},"modified":"2019-02-02T08:31:43","modified_gmt":"2019-02-02T07:31:43","slug":"tschechisch-ubersetzungen-dolmetschen","status":"publish","type":"page","link":"https:\/\/preklady-expres.cz\/de\/","title":{"rendered":"| Wilkommen bei Agentur Tschechisch Express"},"content":{"rendered":"","protected":false},"excerpt":{"rendered":"","protected":false},"author":1,"featured_media":0,"parent":0,"menu_order":0,"comment_status":"closed","ping_status":"closed","template":"","meta":{"footnotes":""},"yoast_head":"<!-- This site is optimized with the Yoast SEO plugin v21.8 - https:\/\/yoast.com\/wordpress\/plugins\/seo\/ -->\n<title>Wilkommen bei Agentur Tschechisch Express<\/title>\n<meta name=\"description\" content=\"Ihr Partner f\u00fcr hochwertige und schnelle \u00dcbersetzungen, Dolmetschen und Lokalisierung zu g\u00fcnstigen Preisen. Express\u00fcbersetzungen bis 2 Normseiten ohne Zuschlag, Preisangebot frei.\" \/>\n<meta name=\"robots\" content=\"index, follow, max-snippet:-1, max-image-preview:large, max-video-preview:-1\" \/>\n<link rel=\"canonical\" href=\"https:\/\/preklady-expres.cz\/de\/\" \/>\n<script type=\"application\/ld+json\" class=\"yoast-schema-graph\">{\"@context\":\"https:\/\/schema.org\",\"@graph\":[{\"@type\":\"WebPage\",\"@id\":\"https:\/\/preklady-expres.cz\/de\/\",\"url\":\"https:\/\/preklady-expres.cz\/de\/\",\"name\":\"Wilkommen bei Agentur Tschechisch Express\",\"isPartOf\":{\"@id\":\"https:\/\/preklady-expres.cz\/de\/#website\"},\"datePublished\":\"2014-01-18T14:09:38+00:00\",\"dateModified\":\"2019-02-02T07:31:43+00:00\",\"description\":\"Ihr Partner f\u00fcr hochwertige und schnelle \u00dcbersetzungen, Dolmetschen und Lokalisierung zu g\u00fcnstigen Preisen. Express\u00fcbersetzungen bis 2 Normseiten ohne Zuschlag, Preisangebot frei.\",\"inLanguage\":\"en-US\",\"potentialAction\":[{\"@type\":\"ReadAction\",\"target\":[\"https:\/\/preklady-expres.cz\/de\/\"]}]},{\"@type\":\"WebSite\",\"@id\":\"https:\/\/preklady-expres.cz\/de\/#website\",\"url\":\"https:\/\/preklady-expres.cz\/de\/\",\"name\":\"\",\"description\":\"Tschechisch \u00dcbersetzung &amp; Dolmetschen\",\"potentialAction\":[{\"@type\":\"SearchAction\",\"target\":{\"@type\":\"EntryPoint\",\"urlTemplate\":\"https:\/\/preklady-expres.cz\/de\/?s={search_term_string}\"},\"query-input\":\"required name=search_term_string\"}],\"inLanguage\":\"en-US\"}]}<\/script>\n<!-- \/ Yoast SEO plugin. -->","yoast_head_json":{"title":"Wilkommen bei Agentur Tschechisch Express","description":"Ihr Partner f\u00fcr hochwertige und schnelle \u00dcbersetzungen, Dolmetschen und Lokalisierung zu g\u00fcnstigen Preisen. Express\u00fcbersetzungen bis 2 Normseiten ohne Zuschlag, Preisangebot frei.","robots":{"index":"index","follow":"follow","max-snippet":"max-snippet:-1","max-image-preview":"max-image-preview:large","max-video-preview":"max-video-preview:-1"},"canonical":"https:\/\/preklady-expres.cz\/de\/","schema":{"@context":"https:\/\/schema.org","@graph":[{"@type":"WebPage","@id":"https:\/\/preklady-expres.cz\/de\/","url":"https:\/\/preklady-expres.cz\/de\/","name":"Wilkommen bei Agentur Tschechisch Express","isPartOf":{"@id":"https:\/\/preklady-expres.cz\/de\/#website"},"datePublished":"2014-01-18T14:09:38+00:00","dateModified":"2019-02-02T07:31:43+00:00","description":"Ihr Partner f\u00fcr hochwertige und schnelle \u00dcbersetzungen, Dolmetschen und Lokalisierung zu g\u00fcnstigen Preisen. Express\u00fcbersetzungen bis 2 Normseiten ohne Zuschlag, Preisangebot frei.","inLanguage":"en-US","potentialAction":[{"@type":"ReadAction","target":["https:\/\/preklady-expres.cz\/de\/"]}]},{"@type":"WebSite","@id":"https:\/\/preklady-expres.cz\/de\/#website","url":"https:\/\/preklady-expres.cz\/de\/","name":"","description":"Tschechisch \u00dcbersetzung &amp; Dolmetschen","potentialAction":[{"@type":"SearchAction","target":{"@type":"EntryPoint","urlTemplate":"https:\/\/preklady-expres.cz\/de\/?s={search_term_string}"},"query-input":"required name=search_term_string"}],"inLanguage":"en-US"}]}},"_links":{"self":[{"href":"https:\/\/preklady-expres.cz\/de\/wp-json\/wp\/v2\/pages\/2"}],"collection":[{"href":"https:\/\/preklady-expres.cz\/de\/wp-json\/wp\/v2\/pages"}],"about":[{"href":"https:\/\/preklady-expres.cz\/de\/wp-json\/wp\/v2\/types\/page"}],"author":[{"embeddable":true,"href":"https:\/\/preklady-expres.cz\/de\/wp-json\/wp\/v2\/users\/1"}],"replies":[{"embeddable":true,"href":"https:\/\/preklady-expres.cz\/de\/wp-json\/wp\/v2\/comments?post=2"}],"version-history":[{"count":10,"href":"https:\/\/preklady-expres.cz\/de\/wp-json\/wp\/v2\/pages\/2\/revisions"}],"predecessor-version":[{"id":361,"href":"https:\/\/preklady-expres.cz\/de\/wp-json\/wp\/v2\/pages\/2\/revisions\/361"}],"wp:attachment":[{"href":"https:\/\/preklady-expres.cz\/de\/wp-json\/wp\/v2\/media?parent=2"}],"curies":[{"name":"wp","href":"https:\/\/api.w.org\/{rel}","templated":true}]}}