{"id":32,"date":"2014-01-18T17:31:00","date_gmt":"2014-01-18T16:31:00","guid":{"rendered":"http:\/\/preklady-expres.cz\/cz\/?page_id=32"},"modified":"2020-01-18T14:16:11","modified_gmt":"2020-01-18T13:16:11","slug":"jazykove-kurzy-votice","status":"publish","type":"page","link":"https:\/\/preklady-expres.cz\/cz\/jazykove-kurzy-votice\/","title":{"rendered":"Kurzy"},"content":{"rendered":"<p>Nab\u00edz\u00edme tak\u00e9 jazykov\u00e9 kurzy v\u0161ech \u00farovn\u00ed pro <strong>dosp\u011bl\u00e9 i d\u011bti<\/strong>. Vyu\u010dujeme <strong>angli\u010dtinu<\/strong>,<strong> n\u011bm\u010dinu<\/strong>,<strong> \u0161pan\u011bl\u0161tinu<\/strong>,<strong> ru\u0161tinu<\/strong>,<strong> francouz\u0161tinu<\/strong> a \u010de\u0161tinu pro cizince ve Votic\u00edch a dal\u0161\u00edch lokalit\u00e1ch.<\/p>\n<p>Vyu\u010dujeme formou<strong>\u00a0individu\u00e1ln\u00ed v\u00fduky<\/strong>\u00a0\u010di\u00a0<strong>skupinov\u00fdch kurz\u016f<\/strong>\u00a0(velikost skupiny max. do 6 student\u016f).\u00a0<strong>P\u0159iprav\u00edme v\u00e1s k maturit\u011b i na mezin\u00e1rodn\u00ed zkou\u0161ky\u00a0<\/strong>(<a href=\"http:\/\/www.cambridgeenglish.org\/exams\/first\/\" data-slimstat=\"5\">FCE<\/a>,\u00a0<a href=\"https:\/\/www.ets.org\/toefl\" data-slimstat=\"5\">TOEFL<\/a>,\u00a0<a href=\"http:\/\/www.cambridgeenglish.org\/exams\/advanced\/\" data-slimstat=\"5\">CAE<\/a>\u2026). Najdete u n\u00e1s i kurzy pro maminky s d\u011btmi s mo\u017enost\u00ed hl\u00edd\u00e1n\u00ed.<\/p>\n<p><strong>Vyu\u010dujeme d\u011bti od 3 let<\/strong>, nab\u00edz\u00edme individu\u00e1ln\u00ed a skupinovou v\u00fduku (skupinky max. do 6 d\u011bt\u00ed). Jak\u00e1 je na\u0161e v\u00fduka? Hrav\u00e1 a komunikativn\u00ed. Vyu\u010dujeme pomoc\u00ed her, p\u00edsni\u010dek a \u0159\u00edkadel. Zaru\u010dujeme individu\u00e1ln\u00ed p\u0159\u00edstup. Klademe d\u016fraz na schopnost domluvit se. Pou\u017e\u00edv\u00e1me n\u00e1zorn\u00e9 pom\u016fcky, obr\u00e1zky, uplat\u0148ujeme individu\u00e1ln\u00ed pl\u00e1ny v\u00fduky, poskytujeme materi\u00e1ly dom\u016f, v\u00fdstupy z lekc\u00ed. Vyu\u010dujeme i v mate\u0159sk\u00fdch \u0161kol\u00e1ch.\u00a0<strong>Va\u0161e d\u011bti p\u0159iprav\u00edme na Cambridgesk\u00e9 zkou\u0161ky \u201e<a href=\"http:\/\/www.cambridgeenglish.org\/exams\/young-learners-english\/starters\/\" data-slimstat=\"5\">Starters<\/a>\u201c, \u201e<a href=\"http:\/\/www.cambridgeenglish.org\/exams\/young-learners-english\/movers\/\" data-slimstat=\"5\">Movers<\/a>\u201c a \u201e<a href=\"http:\/\/www.cambridgeenglish.org\/exams\/young-learners-english\/flyers\/\" data-slimstat=\"5\">Flyers<\/a>\u201c.<\/strong><\/p>\n<p>Nab\u00edz\u00edme tak\u00e9\u00a0<strong>letn\u00ed p\u0159\u00edm\u011bstsk\u00e9 t\u00e1bory<\/strong>\u00a0pro d\u011bti od 4 do 15 let s interaktivn\u00ed v\u00fdukou angli\u010dtiny komunikativn\u00ed metodou pomoc\u00ed modelov\u00fdch situac\u00ed a her.<\/p>\n<p>V\u00edce informac\u00ed na <a href=\"http:\/\/www.jazykovkavotice.cz\/\" target=\"_blank\" rel=\"noopener noreferrer\">www.jazykovkavotice.cz<\/a>.<\/p>\n","protected":false},"excerpt":{"rendered":"<p>Nab\u00edz\u00edme tak\u00e9 jazykov\u00e9 kurzy v\u0161ech \u00farovn\u00ed pro dosp\u011bl\u00e9 i d\u011bti. Vyu\u010dujeme angli\u010dtinu, n\u011bm\u010dinu, \u0161pan\u011bl\u0161tinu, ru\u0161tinu, francouz\u0161tinu a \u010de\u0161tinu pro cizince ve Votic\u00edch a dal\u0161\u00edch lokalit\u00e1ch. Vyu\u010dujeme formou\u00a0individu\u00e1ln\u00ed v\u00fduky\u00a0\u010di\u00a0skupinov\u00fdch kurz\u016f\u00a0(velikost skupiny&#8230;<\/p>\n","protected":false},"author":1,"featured_media":0,"parent":0,"menu_order":0,"comment_status":"closed","ping_status":"closed","template":"","meta":{"footnotes":""},"yoast_head":"<!-- This site is optimized with the Yoast SEO plugin v21.8 - https:\/\/yoast.com\/wordpress\/plugins\/seo\/ -->\n<title>Jazykov\u00e9 kurzy angli\u010dtina, n\u011bm\u010dina a dal\u0161\u00ed pro dosp\u011bl\u00e9 i d\u011bti | P\u0159eklady expres<\/title>\n<meta name=\"description\" content=\"S partnerskou organizac\u00ed Jazykovka Votice nab\u00edz\u00edme jazykov\u00e9 kurzy angli\u010dtiny, n\u011bm\u010diny, francouz\u0161tiny a da\u0161\u00edch jazyk\u016f pro v\u0161echny \u00farovn\u011b.\" \/>\n<meta name=\"robots\" content=\"index, follow, max-snippet:-1, max-image-preview:large, max-video-preview:-1\" \/>\n<link rel=\"canonical\" href=\"https:\/\/preklady-expres.cz\/cz\/jazykove-kurzy-votice\/\" \/>\n<meta name=\"twitter:label1\" content=\"Odhadovan\u00e1 doba \u010dten\u00ed\" \/>\n\t<meta name=\"twitter:data1\" content=\"1 minuta\" \/>\n<script type=\"application\/ld+json\" class=\"yoast-schema-graph\">{\"@context\":\"https:\/\/schema.org\",\"@graph\":[{\"@type\":\"WebPage\",\"@id\":\"https:\/\/preklady-expres.cz\/cz\/jazykove-kurzy-votice\/\",\"url\":\"https:\/\/preklady-expres.cz\/cz\/jazykove-kurzy-votice\/\",\"name\":\"Jazykov\u00e9 kurzy angli\u010dtina, n\u011bm\u010dina a dal\u0161\u00ed pro dosp\u011bl\u00e9 i d\u011bti | P\u0159eklady expres\",\"isPartOf\":{\"@id\":\"https:\/\/preklady-expres.cz\/cz\/#website\"},\"datePublished\":\"2014-01-18T16:31:00+00:00\",\"dateModified\":\"2020-01-18T13:16:11+00:00\",\"description\":\"S partnerskou organizac\u00ed Jazykovka Votice nab\u00edz\u00edme jazykov\u00e9 kurzy angli\u010dtiny, n\u011bm\u010diny, francouz\u0161tiny a da\u0161\u00edch jazyk\u016f pro v\u0161echny \u00farovn\u011b.\",\"inLanguage\":\"cs\",\"potentialAction\":[{\"@type\":\"ReadAction\",\"target\":[\"https:\/\/preklady-expres.cz\/cz\/jazykove-kurzy-votice\/\"]}]},{\"@type\":\"WebSite\",\"@id\":\"https:\/\/preklady-expres.cz\/cz\/#website\",\"url\":\"https:\/\/preklady-expres.cz\/cz\/\",\"name\":\"P\u0159eklady Expres\",\"description\":\"Expresn\u00ed p\u0159eklady - Tlumo\u010den\u00ed - Lokalizace\",\"potentialAction\":[{\"@type\":\"SearchAction\",\"target\":{\"@type\":\"EntryPoint\",\"urlTemplate\":\"https:\/\/preklady-expres.cz\/cz\/?s={search_term_string}\"},\"query-input\":\"required name=search_term_string\"}],\"inLanguage\":\"cs\"}]}<\/script>\n<!-- \/ Yoast SEO plugin. -->","yoast_head_json":{"title":"Jazykov\u00e9 kurzy angli\u010dtina, n\u011bm\u010dina a dal\u0161\u00ed pro dosp\u011bl\u00e9 i d\u011bti | P\u0159eklady expres","description":"S partnerskou organizac\u00ed Jazykovka Votice nab\u00edz\u00edme jazykov\u00e9 kurzy angli\u010dtiny, n\u011bm\u010diny, francouz\u0161tiny a da\u0161\u00edch jazyk\u016f pro v\u0161echny \u00farovn\u011b.","robots":{"index":"index","follow":"follow","max-snippet":"max-snippet:-1","max-image-preview":"max-image-preview:large","max-video-preview":"max-video-preview:-1"},"canonical":"https:\/\/preklady-expres.cz\/cz\/jazykove-kurzy-votice\/","twitter_misc":{"Odhadovan\u00e1 doba \u010dten\u00ed":"1 minuta"},"schema":{"@context":"https:\/\/schema.org","@graph":[{"@type":"WebPage","@id":"https:\/\/preklady-expres.cz\/cz\/jazykove-kurzy-votice\/","url":"https:\/\/preklady-expres.cz\/cz\/jazykove-kurzy-votice\/","name":"Jazykov\u00e9 kurzy angli\u010dtina, n\u011bm\u010dina a dal\u0161\u00ed pro dosp\u011bl\u00e9 i d\u011bti | P\u0159eklady expres","isPartOf":{"@id":"https:\/\/preklady-expres.cz\/cz\/#website"},"datePublished":"2014-01-18T16:31:00+00:00","dateModified":"2020-01-18T13:16:11+00:00","description":"S partnerskou organizac\u00ed Jazykovka Votice nab\u00edz\u00edme jazykov\u00e9 kurzy angli\u010dtiny, n\u011bm\u010diny, francouz\u0161tiny a da\u0161\u00edch jazyk\u016f pro v\u0161echny \u00farovn\u011b.","inLanguage":"cs","potentialAction":[{"@type":"ReadAction","target":["https:\/\/preklady-expres.cz\/cz\/jazykove-kurzy-votice\/"]}]},{"@type":"WebSite","@id":"https:\/\/preklady-expres.cz\/cz\/#website","url":"https:\/\/preklady-expres.cz\/cz\/","name":"P\u0159eklady Expres","description":"Expresn\u00ed p\u0159eklady - Tlumo\u010den\u00ed - Lokalizace","potentialAction":[{"@type":"SearchAction","target":{"@type":"EntryPoint","urlTemplate":"https:\/\/preklady-expres.cz\/cz\/?s={search_term_string}"},"query-input":"required name=search_term_string"}],"inLanguage":"cs"}]}},"_links":{"self":[{"href":"https:\/\/preklady-expres.cz\/cz\/wp-json\/wp\/v2\/pages\/32"}],"collection":[{"href":"https:\/\/preklady-expres.cz\/cz\/wp-json\/wp\/v2\/pages"}],"about":[{"href":"https:\/\/preklady-expres.cz\/cz\/wp-json\/wp\/v2\/types\/page"}],"author":[{"embeddable":true,"href":"https:\/\/preklady-expres.cz\/cz\/wp-json\/wp\/v2\/users\/1"}],"replies":[{"embeddable":true,"href":"https:\/\/preklady-expres.cz\/cz\/wp-json\/wp\/v2\/comments?post=32"}],"version-history":[{"count":13,"href":"https:\/\/preklady-expres.cz\/cz\/wp-json\/wp\/v2\/pages\/32\/revisions"}],"predecessor-version":[{"id":382,"href":"https:\/\/preklady-expres.cz\/cz\/wp-json\/wp\/v2\/pages\/32\/revisions\/382"}],"wp:attachment":[{"href":"https:\/\/preklady-expres.cz\/cz\/wp-json\/wp\/v2\/media?parent=32"}],"curies":[{"name":"wp","href":"https:\/\/api.w.org\/{rel}","templated":true}]}}