{"id":2,"date":"2014-01-18T15:09:38","date_gmt":"2014-01-18T14:09:38","guid":{"rendered":"http:\/\/preklady-expres.cz\/cz\/?page_id=2"},"modified":"2024-01-01T13:38:52","modified_gmt":"2024-01-01T12:38:52","slug":"preklady-anglictina-2","status":"publish","type":"page","link":"https:\/\/preklady-expres.cz\/cz\/","title":{"rendered":"P\u0159eklady, tlumo\u010den\u00ed do angli\u010dtiny a n\u011bm\u010diny"},"content":{"rendered":"","protected":false},"excerpt":{"rendered":"","protected":false},"author":4,"featured_media":247,"parent":0,"menu_order":0,"comment_status":"closed","ping_status":"closed","template":"","meta":{"footnotes":""},"yoast_head":"<!-- This site is optimized with the Yoast SEO plugin v21.8 - https:\/\/yoast.com\/wordpress\/plugins\/seo\/ -->\n<title>Profesion\u00e1ln\u00ed expresn\u00ed p\u0159eklady, tlumo\u010den\u00ed a lokalizace | P\u0159eklady expres<\/title>\n<meta name=\"description\" content=\"Kvalitn\u00ed expresn\u00ed p\u0159eklady do angli\u010dtiny a dal\u0161\u00edch jazyk\u016f, tlumo\u010den\u00ed a lokalizace za rozumn\u00e9 ceny. Expres do 2 normostran bez p\u0159\u00edplatku, kalkulace zdarma.\" \/>\n<meta name=\"robots\" content=\"index, follow, max-snippet:-1, max-image-preview:large, max-video-preview:-1\" \/>\n<link rel=\"canonical\" href=\"https:\/\/preklady-expres.cz\/cz\/\" \/>\n<script type=\"application\/ld+json\" class=\"yoast-schema-graph\">{\"@context\":\"https:\/\/schema.org\",\"@graph\":[{\"@type\":\"WebPage\",\"@id\":\"https:\/\/preklady-expres.cz\/cz\/\",\"url\":\"https:\/\/preklady-expres.cz\/cz\/\",\"name\":\"Profesion\u00e1ln\u00ed expresn\u00ed p\u0159eklady, tlumo\u010den\u00ed a lokalizace | P\u0159eklady expres\",\"isPartOf\":{\"@id\":\"https:\/\/preklady-expres.cz\/cz\/#website\"},\"datePublished\":\"2014-01-18T14:09:38+00:00\",\"dateModified\":\"2024-01-01T12:38:52+00:00\",\"description\":\"Kvalitn\u00ed expresn\u00ed p\u0159eklady do angli\u010dtiny a dal\u0161\u00edch jazyk\u016f, tlumo\u010den\u00ed a lokalizace za rozumn\u00e9 ceny. Expres do 2 normostran bez p\u0159\u00edplatku, kalkulace zdarma.\",\"inLanguage\":\"cs\",\"potentialAction\":[{\"@type\":\"ReadAction\",\"target\":[\"https:\/\/preklady-expres.cz\/cz\/\"]}]},{\"@type\":\"WebSite\",\"@id\":\"https:\/\/preklady-expres.cz\/cz\/#website\",\"url\":\"https:\/\/preklady-expres.cz\/cz\/\",\"name\":\"P\u0159eklady Expres\",\"description\":\"Expresn\u00ed p\u0159eklady - Tlumo\u010den\u00ed - Lokalizace\",\"potentialAction\":[{\"@type\":\"SearchAction\",\"target\":{\"@type\":\"EntryPoint\",\"urlTemplate\":\"https:\/\/preklady-expres.cz\/cz\/?s={search_term_string}\"},\"query-input\":\"required name=search_term_string\"}],\"inLanguage\":\"cs\"}]}<\/script>\n<!-- \/ Yoast SEO plugin. -->","yoast_head_json":{"title":"Profesion\u00e1ln\u00ed expresn\u00ed p\u0159eklady, tlumo\u010den\u00ed a lokalizace | P\u0159eklady expres","description":"Kvalitn\u00ed expresn\u00ed p\u0159eklady do angli\u010dtiny a dal\u0161\u00edch jazyk\u016f, tlumo\u010den\u00ed a lokalizace za rozumn\u00e9 ceny. Expres do 2 normostran bez p\u0159\u00edplatku, kalkulace zdarma.","robots":{"index":"index","follow":"follow","max-snippet":"max-snippet:-1","max-image-preview":"max-image-preview:large","max-video-preview":"max-video-preview:-1"},"canonical":"https:\/\/preklady-expres.cz\/cz\/","schema":{"@context":"https:\/\/schema.org","@graph":[{"@type":"WebPage","@id":"https:\/\/preklady-expres.cz\/cz\/","url":"https:\/\/preklady-expres.cz\/cz\/","name":"Profesion\u00e1ln\u00ed expresn\u00ed p\u0159eklady, tlumo\u010den\u00ed a lokalizace | P\u0159eklady expres","isPartOf":{"@id":"https:\/\/preklady-expres.cz\/cz\/#website"},"datePublished":"2014-01-18T14:09:38+00:00","dateModified":"2024-01-01T12:38:52+00:00","description":"Kvalitn\u00ed expresn\u00ed p\u0159eklady do angli\u010dtiny a dal\u0161\u00edch jazyk\u016f, tlumo\u010den\u00ed a lokalizace za rozumn\u00e9 ceny. Expres do 2 normostran bez p\u0159\u00edplatku, kalkulace zdarma.","inLanguage":"cs","potentialAction":[{"@type":"ReadAction","target":["https:\/\/preklady-expres.cz\/cz\/"]}]},{"@type":"WebSite","@id":"https:\/\/preklady-expres.cz\/cz\/#website","url":"https:\/\/preklady-expres.cz\/cz\/","name":"P\u0159eklady Expres","description":"Expresn\u00ed p\u0159eklady - Tlumo\u010den\u00ed - Lokalizace","potentialAction":[{"@type":"SearchAction","target":{"@type":"EntryPoint","urlTemplate":"https:\/\/preklady-expres.cz\/cz\/?s={search_term_string}"},"query-input":"required name=search_term_string"}],"inLanguage":"cs"}]}},"_links":{"self":[{"href":"https:\/\/preklady-expres.cz\/cz\/wp-json\/wp\/v2\/pages\/2"}],"collection":[{"href":"https:\/\/preklady-expres.cz\/cz\/wp-json\/wp\/v2\/pages"}],"about":[{"href":"https:\/\/preklady-expres.cz\/cz\/wp-json\/wp\/v2\/types\/page"}],"author":[{"embeddable":true,"href":"https:\/\/preklady-expres.cz\/cz\/wp-json\/wp\/v2\/users\/4"}],"replies":[{"embeddable":true,"href":"https:\/\/preklady-expres.cz\/cz\/wp-json\/wp\/v2\/comments?post=2"}],"version-history":[{"count":6,"href":"https:\/\/preklady-expres.cz\/cz\/wp-json\/wp\/v2\/pages\/2\/revisions"}],"predecessor-version":[{"id":346,"href":"https:\/\/preklady-expres.cz\/cz\/wp-json\/wp\/v2\/pages\/2\/revisions\/346"}],"wp:featuredmedia":[{"embeddable":true,"href":"https:\/\/preklady-expres.cz\/cz\/wp-json\/wp\/v2\/media\/247"}],"wp:attachment":[{"href":"https:\/\/preklady-expres.cz\/cz\/wp-json\/wp\/v2\/media?parent=2"}],"curies":[{"name":"wp","href":"https:\/\/api.w.org\/{rel}","templated":true}]}}